{"id":74,"date":"2023-04-25T14:03:17","date_gmt":"2023-04-25T12:03:17","guid":{"rendered":"https:\/\/www.celostniharmonie.cz\/?page_id=74"},"modified":"2025-06-29T13:57:24","modified_gmt":"2025-06-29T11:57:24","slug":"celostni-coaching","status":"publish","type":"page","link":"https:\/\/www.celostniharmonie.cz\/?page_id=74","title":{"rendered":"Celostn\u00ed kou\u010dink"},"content":{"rendered":"\n<p><strong>Spole\u010dn\u011b se pod\u00edv\u00e1me na to, co v\u00e1s tr\u00e1p\u00ed ze v\u0161ech \u00fahl\u016f \u017eivota.<\/strong> Objev\u00edme mo\u017enosti, jak se p\u0159ibl\u00ed\u017eit ke zlep\u0161en\u00ed zdrav\u00ed nebo k napln\u011bn\u00ed va\u0161ich \u017eivotn\u00edch c\u00edl\u016f.<\/p>\n\n\n\n<p>Na z\u00e1klad\u011b sv\u00fdch zku\u0161enost\u00ed a znalost\u00ed v\u00e1m nab\u00eddnu podporu p\u0159i udr\u017eiteln\u00fdch zm\u011bn\u00e1ch, zvl\u00e1d\u00e1n\u00ed stresu a laskav\u011bj\u0161\u00edm p\u0159\u00edstupu k sob\u011b sam\u00fdm. Dotkneme se t\u00e9mat v\u00fd\u017eivy, emoc\u00ed i fyzick\u00e9ho zdrav\u00ed \u2014 v\u0161e s c\u00edlem naj\u00edt v\u011bt\u0161\u00ed spokojenost a hlub\u0161\u00ed smysl v ka\u017edodenn\u00edm \u017eivot\u011b.<\/p>\n\n\n\n<p><\/p>\n\n\n\n<p>\ud83d\udda5\ufe0f <strong>Konzultace je mo\u017en\u00e1 osobn\u011b i online<\/strong>, podle toho, co v\u00e1m v\u00edce vyhovuje. Online forma je ide\u00e1ln\u00ed pro ty, kdo preferuj\u00ed pohodl\u00ed domova nebo \u017eij\u00ed mimo Prahu.<\/p>\n\n\n\n<p>\ud83d\udd50 <strong>Jedno sezen\u00ed (60 minut): 800 K\u010d<\/strong>.  Cena nezahrnuje aromaterapeutickou sm\u011bs ani Bachovy esence \u2014 na p\u0159\u00e1n\u00ed je v\u0161ak mo\u017en\u00e9 je individu\u00e1ln\u011b doplnit podle aktu\u00e1ln\u00edch pot\u0159eb. <\/p>\n\n\n\n<p><\/p>\n","protected":false},"excerpt":{"rendered":"<p>Spole\u010dn\u011b se pod\u00edv\u00e1me na to, co v\u00e1s tr\u00e1p\u00ed ze v\u0161ech \u00fahl\u016f \u017eivota. Objev\u00edme mo\u017enosti, jak se p\u0159ibl\u00ed\u017eit ke zlep\u0161en\u00ed zdrav\u00ed nebo k napln\u011bn\u00ed va\u0161ich \u017eivotn\u00edch c\u00edl\u016f. Na z\u00e1klad\u011b sv\u00fdch zku\u0161enost\u00ed a znalost\u00ed v\u00e1m nab\u00eddnu podporu p\u0159i udr\u017eiteln\u00fdch zm\u011bn\u00e1ch, zvl\u00e1d\u00e1n\u00ed stresu a laskav\u011bj\u0161\u00edm p\u0159\u00edstupu k sob\u011b sam\u00fdm. Dotkneme se t\u00e9mat v\u00fd\u017eivy, emoc\u00ed i fyzick\u00e9ho zdrav\u00ed \u2014 &hellip; <\/p>\n<p class=\"link-more\"><a href=\"https:\/\/www.celostniharmonie.cz\/?page_id=74\" class=\"more-link\">Pokra\u010dovat ve \u010dten\u00ed<span class=\"screen-reader-text\"> &#8222;Celostn\u00ed kou\u010dink&#8220;<\/span><\/a><\/p>\n","protected":false},"author":2,"featured_media":192,"parent":47,"menu_order":0,"comment_status":"closed","ping_status":"closed","template":"","meta":{"_monsterinsights_skip_tracking":false,"_monsterinsights_sitenote_active":false,"_monsterinsights_sitenote_note":"","_monsterinsights_sitenote_category":0,"footnotes":""},"class_list":["post-74","page","type-page","status-publish","has-post-thumbnail","hentry"],"yoast_head":"<!-- This site is optimized with the Yoast SEO plugin v27.5 - https:\/\/yoast.com\/product\/yoast-seo-wordpress\/ -->\n<title>Celostn\u00ed kou\u010dink - Celostn\u00ed harmonie<\/title>\n<meta name=\"description\" content=\"Zjist\u011bte, jak v\u00e1m m\u016f\u017ee pomoci health kou\u010dink. Poskytuji osobn\u00ed konzultace aromaterapii, osobn\u011b i on-line Bachovy esence.\" \/>\n<meta name=\"robots\" content=\"index, follow, max-snippet:-1, max-image-preview:large, max-video-preview:-1\" \/>\n<link rel=\"canonical\" href=\"https:\/\/www.celostniharmonie.cz\/?page_id=74\" \/>\n<meta property=\"og:locale\" content=\"cs_CZ\" \/>\n<meta property=\"og:type\" content=\"article\" \/>\n<meta property=\"og:title\" content=\"Celostn\u00ed kou\u010dink - Celostn\u00ed harmonie\" \/>\n<meta property=\"og:description\" content=\"Zjist\u011bte, jak v\u00e1m m\u016f\u017ee pomoci health kou\u010dink. Poskytuji osobn\u00ed konzultace aromaterapii, osobn\u011b i on-line Bachovy esence.\" \/>\n<meta property=\"og:url\" content=\"https:\/\/www.celostniharmonie.cz\/?page_id=74\" \/>\n<meta property=\"og:site_name\" content=\"Celostn\u00ed harmonie\" \/>\n<meta property=\"article:publisher\" content=\"https:\/\/www.facebook.com\/profile.php?id=100091094206284\" \/>\n<meta property=\"article:modified_time\" content=\"2025-06-29T11:57:24+00:00\" \/>\n<meta property=\"og:image\" content=\"https:\/\/www.celostniharmonie.cz\/wp-content\/uploads\/2023\/08\/meditation-g8f8146769_1280.jpg\" \/>\n\t<meta property=\"og:image:width\" content=\"1000\" \/>\n\t<meta property=\"og:image:height\" content=\"666\" \/>\n\t<meta property=\"og:image:type\" content=\"image\/jpeg\" \/>\n<meta name=\"twitter:card\" content=\"summary_large_image\" \/>\n<meta name=\"twitter:label1\" content=\"Odhadovan\u00e1 doba \u010dten\u00ed\" \/>\n\t<meta name=\"twitter:data1\" content=\"1 minuta\" \/>\n<script type=\"application\/ld+json\" class=\"yoast-schema-graph\">{\"@context\":\"https:\\\/\\\/schema.org\",\"@graph\":[{\"@type\":\"WebPage\",\"@id\":\"https:\\\/\\\/www.celostniharmonie.cz\\\/?page_id=74\",\"url\":\"https:\\\/\\\/www.celostniharmonie.cz\\\/?page_id=74\",\"name\":\"Celostn\u00ed kou\u010dink - Celostn\u00ed harmonie\",\"isPartOf\":{\"@id\":\"https:\\\/\\\/www.celostniharmonie.cz\\\/#website\"},\"primaryImageOfPage\":{\"@id\":\"https:\\\/\\\/www.celostniharmonie.cz\\\/?page_id=74#primaryimage\"},\"image\":{\"@id\":\"https:\\\/\\\/www.celostniharmonie.cz\\\/?page_id=74#primaryimage\"},\"thumbnailUrl\":\"https:\\\/\\\/www.celostniharmonie.cz\\\/wp-content\\\/uploads\\\/2023\\\/08\\\/meditation-g8f8146769_1280.jpg\",\"datePublished\":\"2023-04-25T12:03:17+00:00\",\"dateModified\":\"2025-06-29T11:57:24+00:00\",\"description\":\"Zjist\u011bte, jak v\u00e1m m\u016f\u017ee pomoci health kou\u010dink. Poskytuji osobn\u00ed konzultace aromaterapii, osobn\u011b i on-line Bachovy esence.\",\"breadcrumb\":{\"@id\":\"https:\\\/\\\/www.celostniharmonie.cz\\\/?page_id=74#breadcrumb\"},\"inLanguage\":\"cs\",\"potentialAction\":[{\"@type\":\"ReadAction\",\"target\":[\"https:\\\/\\\/www.celostniharmonie.cz\\\/?page_id=74\"]}]},{\"@type\":\"ImageObject\",\"inLanguage\":\"cs\",\"@id\":\"https:\\\/\\\/www.celostniharmonie.cz\\\/?page_id=74#primaryimage\",\"url\":\"https:\\\/\\\/www.celostniharmonie.cz\\\/wp-content\\\/uploads\\\/2023\\\/08\\\/meditation-g8f8146769_1280.jpg\",\"contentUrl\":\"https:\\\/\\\/www.celostniharmonie.cz\\\/wp-content\\\/uploads\\\/2023\\\/08\\\/meditation-g8f8146769_1280.jpg\",\"width\":1000,\"height\":666},{\"@type\":\"BreadcrumbList\",\"@id\":\"https:\\\/\\\/www.celostniharmonie.cz\\\/?page_id=74#breadcrumb\",\"itemListElement\":[{\"@type\":\"ListItem\",\"position\":1,\"name\":\"Home\",\"item\":\"https:\\\/\\\/www.celostniharmonie.cz\\\/\"},{\"@type\":\"ListItem\",\"position\":2,\"name\":\"Aroma &#8211; terapie &#8211; kou\u010dink\",\"item\":\"https:\\\/\\\/www.celostniharmonie.cz\\\/?page_id=47\"},{\"@type\":\"ListItem\",\"position\":3,\"name\":\"Celostn\u00ed kou\u010dink\"}]},{\"@type\":\"WebSite\",\"@id\":\"https:\\\/\\\/www.celostniharmonie.cz\\\/#website\",\"url\":\"https:\\\/\\\/www.celostniharmonie.cz\\\/\",\"name\":\"Celostn\u00ed harmonie\",\"description\":\"Laskav\u00fd p\u0159\u00edstup k jednot\u011b t\u011bla, mysli a ducha\",\"publisher\":{\"@id\":\"https:\\\/\\\/www.celostniharmonie.cz\\\/#organization\"},\"potentialAction\":[{\"@type\":\"SearchAction\",\"target\":{\"@type\":\"EntryPoint\",\"urlTemplate\":\"https:\\\/\\\/www.celostniharmonie.cz\\\/?s={search_term_string}\"},\"query-input\":{\"@type\":\"PropertyValueSpecification\",\"valueRequired\":true,\"valueName\":\"search_term_string\"}}],\"inLanguage\":\"cs\"},{\"@type\":\"Organization\",\"@id\":\"https:\\\/\\\/www.celostniharmonie.cz\\\/#organization\",\"name\":\"Celostn\u00ed harmonie\",\"url\":\"https:\\\/\\\/www.celostniharmonie.cz\\\/\",\"logo\":{\"@type\":\"ImageObject\",\"inLanguage\":\"cs\",\"@id\":\"https:\\\/\\\/www.celostniharmonie.cz\\\/#\\\/schema\\\/logo\\\/image\\\/\",\"url\":\"https:\\\/\\\/www.celostniharmonie.cz\\\/wp-content\\\/uploads\\\/2023\\\/08\\\/cropped-celostni_harmonie_RGB-1-2.jpg\",\"contentUrl\":\"https:\\\/\\\/www.celostniharmonie.cz\\\/wp-content\\\/uploads\\\/2023\\\/08\\\/cropped-celostni_harmonie_RGB-1-2.jpg\",\"width\":416,\"height\":250,\"caption\":\"Celostn\u00ed harmonie\"},\"image\":{\"@id\":\"https:\\\/\\\/www.celostniharmonie.cz\\\/#\\\/schema\\\/logo\\\/image\\\/\"},\"sameAs\":[\"https:\\\/\\\/www.facebook.com\\\/profile.php?id=100091094206284\"]}]}<\/script>\n<!-- \/ Yoast SEO plugin. -->","yoast_head_json":{"title":"Celostn\u00ed kou\u010dink - Celostn\u00ed harmonie","description":"Zjist\u011bte, jak v\u00e1m m\u016f\u017ee pomoci health kou\u010dink. Poskytuji osobn\u00ed konzultace aromaterapii, osobn\u011b i on-line Bachovy esence.","robots":{"index":"index","follow":"follow","max-snippet":"max-snippet:-1","max-image-preview":"max-image-preview:large","max-video-preview":"max-video-preview:-1"},"canonical":"https:\/\/www.celostniharmonie.cz\/?page_id=74","og_locale":"cs_CZ","og_type":"article","og_title":"Celostn\u00ed kou\u010dink - Celostn\u00ed harmonie","og_description":"Zjist\u011bte, jak v\u00e1m m\u016f\u017ee pomoci health kou\u010dink. Poskytuji osobn\u00ed konzultace aromaterapii, osobn\u011b i on-line Bachovy esence.","og_url":"https:\/\/www.celostniharmonie.cz\/?page_id=74","og_site_name":"Celostn\u00ed harmonie","article_publisher":"https:\/\/www.facebook.com\/profile.php?id=100091094206284","article_modified_time":"2025-06-29T11:57:24+00:00","og_image":[{"width":1000,"height":666,"url":"https:\/\/www.celostniharmonie.cz\/wp-content\/uploads\/2023\/08\/meditation-g8f8146769_1280.jpg","type":"image\/jpeg"}],"twitter_card":"summary_large_image","twitter_misc":{"Odhadovan\u00e1 doba \u010dten\u00ed":"1 minuta"},"schema":{"@context":"https:\/\/schema.org","@graph":[{"@type":"WebPage","@id":"https:\/\/www.celostniharmonie.cz\/?page_id=74","url":"https:\/\/www.celostniharmonie.cz\/?page_id=74","name":"Celostn\u00ed kou\u010dink - Celostn\u00ed harmonie","isPartOf":{"@id":"https:\/\/www.celostniharmonie.cz\/#website"},"primaryImageOfPage":{"@id":"https:\/\/www.celostniharmonie.cz\/?page_id=74#primaryimage"},"image":{"@id":"https:\/\/www.celostniharmonie.cz\/?page_id=74#primaryimage"},"thumbnailUrl":"https:\/\/www.celostniharmonie.cz\/wp-content\/uploads\/2023\/08\/meditation-g8f8146769_1280.jpg","datePublished":"2023-04-25T12:03:17+00:00","dateModified":"2025-06-29T11:57:24+00:00","description":"Zjist\u011bte, jak v\u00e1m m\u016f\u017ee pomoci health kou\u010dink. Poskytuji osobn\u00ed konzultace aromaterapii, osobn\u011b i on-line Bachovy esence.","breadcrumb":{"@id":"https:\/\/www.celostniharmonie.cz\/?page_id=74#breadcrumb"},"inLanguage":"cs","potentialAction":[{"@type":"ReadAction","target":["https:\/\/www.celostniharmonie.cz\/?page_id=74"]}]},{"@type":"ImageObject","inLanguage":"cs","@id":"https:\/\/www.celostniharmonie.cz\/?page_id=74#primaryimage","url":"https:\/\/www.celostniharmonie.cz\/wp-content\/uploads\/2023\/08\/meditation-g8f8146769_1280.jpg","contentUrl":"https:\/\/www.celostniharmonie.cz\/wp-content\/uploads\/2023\/08\/meditation-g8f8146769_1280.jpg","width":1000,"height":666},{"@type":"BreadcrumbList","@id":"https:\/\/www.celostniharmonie.cz\/?page_id=74#breadcrumb","itemListElement":[{"@type":"ListItem","position":1,"name":"Home","item":"https:\/\/www.celostniharmonie.cz\/"},{"@type":"ListItem","position":2,"name":"Aroma &#8211; terapie &#8211; kou\u010dink","item":"https:\/\/www.celostniharmonie.cz\/?page_id=47"},{"@type":"ListItem","position":3,"name":"Celostn\u00ed kou\u010dink"}]},{"@type":"WebSite","@id":"https:\/\/www.celostniharmonie.cz\/#website","url":"https:\/\/www.celostniharmonie.cz\/","name":"Celostn\u00ed harmonie","description":"Laskav\u00fd p\u0159\u00edstup k jednot\u011b t\u011bla, mysli a ducha","publisher":{"@id":"https:\/\/www.celostniharmonie.cz\/#organization"},"potentialAction":[{"@type":"SearchAction","target":{"@type":"EntryPoint","urlTemplate":"https:\/\/www.celostniharmonie.cz\/?s={search_term_string}"},"query-input":{"@type":"PropertyValueSpecification","valueRequired":true,"valueName":"search_term_string"}}],"inLanguage":"cs"},{"@type":"Organization","@id":"https:\/\/www.celostniharmonie.cz\/#organization","name":"Celostn\u00ed harmonie","url":"https:\/\/www.celostniharmonie.cz\/","logo":{"@type":"ImageObject","inLanguage":"cs","@id":"https:\/\/www.celostniharmonie.cz\/#\/schema\/logo\/image\/","url":"https:\/\/www.celostniharmonie.cz\/wp-content\/uploads\/2023\/08\/cropped-celostni_harmonie_RGB-1-2.jpg","contentUrl":"https:\/\/www.celostniharmonie.cz\/wp-content\/uploads\/2023\/08\/cropped-celostni_harmonie_RGB-1-2.jpg","width":416,"height":250,"caption":"Celostn\u00ed harmonie"},"image":{"@id":"https:\/\/www.celostniharmonie.cz\/#\/schema\/logo\/image\/"},"sameAs":["https:\/\/www.facebook.com\/profile.php?id=100091094206284"]}]}},"_links":{"self":[{"href":"https:\/\/www.celostniharmonie.cz\/index.php?rest_route=\/wp\/v2\/pages\/74","targetHints":{"allow":["GET"]}}],"collection":[{"href":"https:\/\/www.celostniharmonie.cz\/index.php?rest_route=\/wp\/v2\/pages"}],"about":[{"href":"https:\/\/www.celostniharmonie.cz\/index.php?rest_route=\/wp\/v2\/types\/page"}],"author":[{"embeddable":true,"href":"https:\/\/www.celostniharmonie.cz\/index.php?rest_route=\/wp\/v2\/users\/2"}],"replies":[{"embeddable":true,"href":"https:\/\/www.celostniharmonie.cz\/index.php?rest_route=%2Fwp%2Fv2%2Fcomments&post=74"}],"version-history":[{"count":5,"href":"https:\/\/www.celostniharmonie.cz\/index.php?rest_route=\/wp\/v2\/pages\/74\/revisions"}],"predecessor-version":[{"id":351,"href":"https:\/\/www.celostniharmonie.cz\/index.php?rest_route=\/wp\/v2\/pages\/74\/revisions\/351"}],"up":[{"embeddable":true,"href":"https:\/\/www.celostniharmonie.cz\/index.php?rest_route=\/wp\/v2\/pages\/47"}],"wp:featuredmedia":[{"embeddable":true,"href":"https:\/\/www.celostniharmonie.cz\/index.php?rest_route=\/wp\/v2\/media\/192"}],"wp:attachment":[{"href":"https:\/\/www.celostniharmonie.cz\/index.php?rest_route=%2Fwp%2Fv2%2Fmedia&parent=74"}],"curies":[{"name":"wp","href":"https:\/\/api.w.org\/{rel}","templated":true}]}}