{"id":68,"date":"2023-04-25T14:00:49","date_gmt":"2023-04-25T12:00:49","guid":{"rendered":"https:\/\/www.celostniharmonie.cz\/?page_id=68"},"modified":"2025-06-29T14:03:14","modified_gmt":"2025-06-29T12:03:14","slug":"o-mne","status":"publish","type":"page","link":"https:\/\/www.celostniharmonie.cz\/?page_id=68","title":{"rendered":"O mn\u011b"},"content":{"rendered":"\n<blockquote class=\"wp-block-quote is-layout-flow wp-block-quote-is-layout-flow\">\n<p>&#8222;<strong><em>Ka\u017ed\u00fd \u010dlov\u011bk m\u00e1 poklad, kter\u00fd na n\u011bj \u010dek\u00e1<\/em><\/strong>.&#8220;<br><strong><em>Alchymista<\/em><\/strong><\/p>\n<\/blockquote>\n\n\n\n<p>U\u017e jako dosp\u00edvaj\u00edc\u00ed d\u00edvka jsem b\u011bhala s&nbsp;atlasem rostlin po louk\u00e1ch. Milovala jsem ka\u017edou rostlinku a obdivovala jsem ji. Mo\u017en\u00e1 to je d\u00e1no tak\u00e9 t\u00edm, \u017ee v&nbsp;ko\u0159enech rod\u016f z&nbsp;obou stran m\u00fdch rodi\u010d\u016f byla zakotvena l\u00e1ska k&nbsp;p\u0159\u00edrod\u011b a jedna z&nbsp;babi\u010dek byla v&nbsp;t\u011bsn\u00e9 bl\u00edzkosti \u017d\u00edtkovsk\u00fdch bohy\u0148 na Kopanic\u00edch. Kdo v\u00ed? <strong>Prost\u011b p\u0159\u00edroda, a hlavn\u011b byliny jsou mou sou\u010d\u00e1st\u00ed, a s&nbsp;nimi v&nbsp;jak\u00e9koliv form\u011b, se c\u00edt\u00edm nejl\u00e9pe.<\/strong><\/p>\n\n\n\n<p>Po absolvov\u00e1n\u00ed n\u011bkolika profes\u00ed m\u00e1 nespokojenost s&nbsp;byt\u00edm m\u011b st\u00e1le vnit\u0159n\u011b volala k&nbsp;pr\u00e1ci s&nbsp;bylinami a lidmi. J\u00edt tomu u\u017e naplno naproti odstartovalo studium <a href=\"https:\/\/www.celostniharmonie.cz\/\" target=\"_blank\" rel=\"noreferrer noopener\">aromaterapie<\/a> na Institutu aromaterapie v&nbsp;Praze, kter\u00fd jsem ukon\u010dila mezin\u00e1rodn\u00ed certifikac\u00ed <strong>Odborn\u00fd aromaterapeut<\/strong>. To u\u017e byl v\u00fdznamn\u00fd krok, jak pokra\u010dovat d\u00e1l. N\u00e1sledovala certifikace<a href=\"https:\/\/www.celostniharmonie.cz\/?page_id=72\" target=\"_blank\" rel=\"noreferrer noopener\"> Bachov\u00fdch esenc\u00ed <\/a>level 1 a level 2, certifikace Australsk\u00fdch kv\u011btov\u00fdch esenc\u00ed.<\/p>\n\n\n\n<p>K dosa\u017een\u00ed komplexnosti jsem c\u00edtila, \u017ee pot\u0159ebuji je\u0161t\u011b propojit um\u011bn\u00ed kladen\u00ed ot\u00e1zek a pohledu z\u00e1padn\u00ed i v\u00fdchodn\u00ed medic\u00edny na t\u011blo. Doplnila jsem to p\u016flro\u010dn\u00edm p\u0159\u00edpravn\u00fdm studiem tradi\u010dn\u00ed \u010d\u00ednsk\u00e9 medic\u00edny a certifika\u010dn\u00edm kurzem <a href=\"https:\/\/www.celostniharmonie.cz\/?page_id=74\" target=\"_blank\" rel=\"noreferrer noopener\">Health coaching<\/a>. K ucelen\u00ed pohledu na \u017eivot n\u00e1sledovala certifikace V\u00fd\u017eivov\u00fd poradce. V\u0161e jsem je\u0161t\u011b podpo\u0159ila o \u00fa\u017easnou techniku Neurografick\u00e1 kresba. <\/p>\n\n\n\n<p>M\u00fdm c\u00edlem je nal\u00e9zat laskavou cestu ke ka\u017ed\u00e9mu z\u00a0v\u00e1s,\u00a0va\u0161im pot\u0159eb\u00e1m, touh\u00e1m a harmonii v\u00a0\u017eivot\u011b.<\/p>\n\n\n\n<p>A t\u00edm v\u0161\u00edm vzniklo m\u00e9 pojet\u00ed Celostn\u00ed harmonie, kde bych r\u00e1da spojila l\u00e9\u010divou l\u00e1sku k&nbsp;lidem s&nbsp;t\u00edm, co um\u00edm, vn\u00edm\u00e1m, co se dozv\u00edm a co bude pro v\u00e1s p\u0159\u00edjemn\u00e9 a u\u017eite\u010dn\u00e9. V\u0161e se m\u016f\u017ee vz\u00e1jemn\u011b harmonicky dopl\u0148ovat a l\u00e9\u010dit du\u0161i i t\u011blo a postoje ke&nbsp;sv\u00e9mu spokojen\u00e9mu celostn\u00edmu byt\u00ed.<\/p>\n\n\n\n<p>Vzd\u011bl\u00e1n\u00ed: <\/p>\n\n\n\n<p>&#8211; Odborn\u00fd aromaterapeut, Institut aromaterapie Praha &#8211; mezin\u00e1rodn\u00ed certifikace IFPA<\/p>\n\n\n\n<p>&#8211; Bachovy  esence, The Bach centre London &#8211; certifikovan\u00fd praktik  level 1<\/p>\n\n\n\n<p>&#8211; Bachovy esence, The Bach centre London &#8211; certifikovan\u00fd praktik level 2<\/p>\n\n\n\n<p>&#8211; Australsk\u00e9 esence, Life direction Praha &#8211; certifikovan\u00fd praktik level 1<\/p>\n\n\n\n<p>&#8211; Health coach, Mindset academy Praha &#8211; akreditace M\u0160MT <\/p>\n\n\n\n<p>&#8211; Sportovn\u00ed mas\u00e9rka, Z\u00e1zraky du\u0161e Fren\u0161t\u00e1t pod Radho\u0161t\u011bm &#8211; akreditace M\u0160MT<\/p>\n\n\n\n<p>&#8211; T\u010cM &#8211; p\u016flro\u010dn\u00ed v\u00fdcvik, TCM Institut Praha <\/p>\n\n\n\n<p>&#8211; Neurographica basic user level &#8211;  Psychology of Creativity institute by Pavel Piskarev <\/p>\n\n\n\n<p>&#8211; Tvorba botanick\u00e9 v\u016fn\u011b, Aroma ateli\u00e9r, Kate\u0159ina Kloudov\u00e1 <\/p>\n\n\n\n<p>&#8211; \u017dena a T\u010cM, TCM Institut Praha <\/p>\n\n\n\n<p>&#8211; V\u00fd\u017eivov\u00fd poradce &#8211; Institut zdrav\u00e9ho \u017eivotn\u00edho stylu Praha &#8211; akreditace M\u0160MT <\/p>\n\n\n\n<p><\/p>\n\n\n\n<div class=\"wp-block-columns alignwide is-layout-flex wp-container-core-columns-is-layout-9d6595d7 wp-block-columns-is-layout-flex\">\n<div class=\"wp-block-column is-layout-flow wp-block-column-is-layout-flow\">\n<figure class=\"wp-block-gallery alignright has-nested-images columns-default is-cropped wp-block-gallery-1 is-layout-flex wp-block-gallery-is-layout-flex\"><\/figure>\n<\/div>\n\n\n\n<div class=\"wp-block-column is-layout-flow wp-block-column-is-layout-flow\">\n<figure class=\"wp-block-gallery aligncenter has-nested-images columns-default is-cropped wp-block-gallery-2 is-layout-flex wp-block-gallery-is-layout-flex\"><\/figure>\n<\/div>\n\n\n\n<div class=\"wp-block-column is-layout-flow wp-block-column-is-layout-flow\">\n<figure class=\"wp-block-gallery has-nested-images columns-default is-cropped wp-block-gallery-3 is-layout-flex wp-block-gallery-is-layout-flex\"><\/figure>\n<\/div>\n<\/div>\n\n\n\n<figure class=\"wp-block-gallery aligncenter has-nested-images columns-default is-cropped wp-block-gallery-4 is-layout-flex wp-block-gallery-is-layout-flex\"><\/figure>\n\n\n\n<div class=\"wp-block-columns is-layout-flex wp-container-core-columns-is-layout-9d6595d7 wp-block-columns-is-layout-flex\">\n<div class=\"wp-block-column is-layout-flow wp-block-column-is-layout-flow\">\n<figure class=\"wp-block-gallery aligncenter has-nested-images columns-default is-cropped wp-block-gallery-5 is-layout-flex wp-block-gallery-is-layout-flex\"><\/figure>\n<\/div>\n<\/div>\n\n\n\n<div class=\"wp-block-columns is-layout-flex wp-container-core-columns-is-layout-9d6595d7 wp-block-columns-is-layout-flex\">\n<div class=\"wp-block-column is-layout-flow wp-block-column-is-layout-flow\">\n<figure class=\"wp-block-gallery has-nested-images columns-default is-cropped wp-block-gallery-6 is-layout-flex wp-block-gallery-is-layout-flex\"><\/figure>\n<\/div>\n\n\n\n<div class=\"wp-block-column is-layout-flow wp-block-column-is-layout-flow\">\n<figure class=\"wp-block-gallery has-nested-images columns-default is-cropped wp-block-gallery-7 is-layout-flex wp-block-gallery-is-layout-flex\"><\/figure>\n<\/div>\n<\/div>\n\n\n\n\n\n<figure class=\"wp-block-gallery has-nested-images columns-default is-cropped wp-block-gallery-8 is-layout-flex wp-block-gallery-is-layout-flex\"><\/figure>\n","protected":false},"excerpt":{"rendered":"<p>&#8222;Ka\u017ed\u00fd \u010dlov\u011bk m\u00e1 poklad, kter\u00fd na n\u011bj \u010dek\u00e1.&#8220;Alchymista U\u017e jako dosp\u00edvaj\u00edc\u00ed d\u00edvka jsem b\u011bhala s&nbsp;atlasem rostlin po louk\u00e1ch. Milovala jsem ka\u017edou rostlinku a obdivovala jsem ji. Mo\u017en\u00e1 to je d\u00e1no tak\u00e9 t\u00edm, \u017ee v&nbsp;ko\u0159enech rod\u016f z&nbsp;obou stran m\u00fdch rodi\u010d\u016f byla zakotvena l\u00e1ska k&nbsp;p\u0159\u00edrod\u011b a jedna z&nbsp;babi\u010dek byla v&nbsp;t\u011bsn\u00e9 bl\u00edzkosti \u017d\u00edtkovsk\u00fdch bohy\u0148 na Kopanic\u00edch. Kdo v\u00ed? &hellip; <\/p>\n<p class=\"link-more\"><a href=\"https:\/\/www.celostniharmonie.cz\/?page_id=68\" class=\"more-link\">Pokra\u010dovat ve \u010dten\u00ed<span class=\"screen-reader-text\"> &#8222;O mn\u011b&#8220;<\/span><\/a><\/p>\n","protected":false},"author":2,"featured_media":123,"parent":47,"menu_order":0,"comment_status":"closed","ping_status":"closed","template":"","meta":{"_monsterinsights_skip_tracking":false,"_monsterinsights_sitenote_active":false,"_monsterinsights_sitenote_note":"","_monsterinsights_sitenote_category":0,"footnotes":""},"class_list":["post-68","page","type-page","status-publish","has-post-thumbnail","hentry"],"yoast_head":"<!-- This site is optimized with the Yoast SEO plugin v27.5 - https:\/\/yoast.com\/product\/yoast-seo-wordpress\/ -->\n<title>O mn\u011b - Celostn\u00ed harmonie<\/title>\n<meta name=\"description\" content=\"Seznamte se semnou bl\u00ed\u017e, spole\u010dn\u011b pak m\u016f\u017eeme vyrazit na cestu za va\u0161\u00ed psychickou i fyzickou pohodou.\" \/>\n<meta name=\"robots\" content=\"index, follow, max-snippet:-1, max-image-preview:large, max-video-preview:-1\" \/>\n<link rel=\"canonical\" href=\"https:\/\/www.celostniharmonie.cz\/?page_id=68\" \/>\n<meta property=\"og:locale\" content=\"cs_CZ\" \/>\n<meta property=\"og:type\" content=\"article\" \/>\n<meta property=\"og:title\" content=\"O mn\u011b - Celostn\u00ed harmonie\" \/>\n<meta property=\"og:description\" content=\"Seznamte se semnou bl\u00ed\u017e, spole\u010dn\u011b pak m\u016f\u017eeme vyrazit na cestu za va\u0161\u00ed psychickou i fyzickou pohodou.\" \/>\n<meta property=\"og:url\" content=\"https:\/\/www.celostniharmonie.cz\/?page_id=68\" \/>\n<meta property=\"og:site_name\" content=\"Celostn\u00ed harmonie\" \/>\n<meta property=\"article:publisher\" content=\"https:\/\/www.facebook.com\/profile.php?id=100091094206284\" \/>\n<meta property=\"article:modified_time\" content=\"2025-06-29T12:03:14+00:00\" \/>\n<meta property=\"og:image\" content=\"https:\/\/www.celostniharmonie.cz\/wp-content\/uploads\/2023\/08\/pexels-olesia-lebedenko-16084322-e1691506870268.jpg\" \/>\n\t<meta property=\"og:image:width\" content=\"1000\" \/>\n\t<meta property=\"og:image:height\" content=\"667\" \/>\n\t<meta property=\"og:image:type\" content=\"image\/jpeg\" \/>\n<meta name=\"twitter:card\" content=\"summary_large_image\" \/>\n<meta name=\"twitter:label1\" content=\"Odhadovan\u00e1 doba \u010dten\u00ed\" \/>\n\t<meta name=\"twitter:data1\" content=\"3 minuty\" \/>\n<script type=\"application\/ld+json\" class=\"yoast-schema-graph\">{\"@context\":\"https:\\\/\\\/schema.org\",\"@graph\":[{\"@type\":\"WebPage\",\"@id\":\"https:\\\/\\\/www.celostniharmonie.cz\\\/?page_id=68\",\"url\":\"https:\\\/\\\/www.celostniharmonie.cz\\\/?page_id=68\",\"name\":\"O mn\u011b - Celostn\u00ed harmonie\",\"isPartOf\":{\"@id\":\"https:\\\/\\\/www.celostniharmonie.cz\\\/#website\"},\"primaryImageOfPage\":{\"@id\":\"https:\\\/\\\/www.celostniharmonie.cz\\\/?page_id=68#primaryimage\"},\"image\":{\"@id\":\"https:\\\/\\\/www.celostniharmonie.cz\\\/?page_id=68#primaryimage\"},\"thumbnailUrl\":\"https:\\\/\\\/www.celostniharmonie.cz\\\/wp-content\\\/uploads\\\/2023\\\/08\\\/pexels-olesia-lebedenko-16084322-e1691506870268.jpg\",\"datePublished\":\"2023-04-25T12:00:49+00:00\",\"dateModified\":\"2025-06-29T12:03:14+00:00\",\"description\":\"Seznamte se semnou bl\u00ed\u017e, spole\u010dn\u011b pak m\u016f\u017eeme vyrazit na cestu za va\u0161\u00ed psychickou i fyzickou pohodou.\",\"breadcrumb\":{\"@id\":\"https:\\\/\\\/www.celostniharmonie.cz\\\/?page_id=68#breadcrumb\"},\"inLanguage\":\"cs\",\"potentialAction\":[{\"@type\":\"ReadAction\",\"target\":[\"https:\\\/\\\/www.celostniharmonie.cz\\\/?page_id=68\"]}]},{\"@type\":\"ImageObject\",\"inLanguage\":\"cs\",\"@id\":\"https:\\\/\\\/www.celostniharmonie.cz\\\/?page_id=68#primaryimage\",\"url\":\"https:\\\/\\\/www.celostniharmonie.cz\\\/wp-content\\\/uploads\\\/2023\\\/08\\\/pexels-olesia-lebedenko-16084322-e1691506870268.jpg\",\"contentUrl\":\"https:\\\/\\\/www.celostniharmonie.cz\\\/wp-content\\\/uploads\\\/2023\\\/08\\\/pexels-olesia-lebedenko-16084322-e1691506870268.jpg\",\"width\":1000,\"height\":667},{\"@type\":\"BreadcrumbList\",\"@id\":\"https:\\\/\\\/www.celostniharmonie.cz\\\/?page_id=68#breadcrumb\",\"itemListElement\":[{\"@type\":\"ListItem\",\"position\":1,\"name\":\"Home\",\"item\":\"https:\\\/\\\/www.celostniharmonie.cz\\\/\"},{\"@type\":\"ListItem\",\"position\":2,\"name\":\"Aroma &#8211; terapie &#8211; kou\u010dink\",\"item\":\"https:\\\/\\\/www.celostniharmonie.cz\\\/?page_id=47\"},{\"@type\":\"ListItem\",\"position\":3,\"name\":\"O mn\u011b\"}]},{\"@type\":\"WebSite\",\"@id\":\"https:\\\/\\\/www.celostniharmonie.cz\\\/#website\",\"url\":\"https:\\\/\\\/www.celostniharmonie.cz\\\/\",\"name\":\"Celostn\u00ed harmonie\",\"description\":\"Laskav\u00fd p\u0159\u00edstup k jednot\u011b t\u011bla, mysli a ducha\",\"publisher\":{\"@id\":\"https:\\\/\\\/www.celostniharmonie.cz\\\/#organization\"},\"potentialAction\":[{\"@type\":\"SearchAction\",\"target\":{\"@type\":\"EntryPoint\",\"urlTemplate\":\"https:\\\/\\\/www.celostniharmonie.cz\\\/?s={search_term_string}\"},\"query-input\":{\"@type\":\"PropertyValueSpecification\",\"valueRequired\":true,\"valueName\":\"search_term_string\"}}],\"inLanguage\":\"cs\"},{\"@type\":\"Organization\",\"@id\":\"https:\\\/\\\/www.celostniharmonie.cz\\\/#organization\",\"name\":\"Celostn\u00ed harmonie\",\"url\":\"https:\\\/\\\/www.celostniharmonie.cz\\\/\",\"logo\":{\"@type\":\"ImageObject\",\"inLanguage\":\"cs\",\"@id\":\"https:\\\/\\\/www.celostniharmonie.cz\\\/#\\\/schema\\\/logo\\\/image\\\/\",\"url\":\"https:\\\/\\\/www.celostniharmonie.cz\\\/wp-content\\\/uploads\\\/2023\\\/08\\\/cropped-celostni_harmonie_RGB-1-2.jpg\",\"contentUrl\":\"https:\\\/\\\/www.celostniharmonie.cz\\\/wp-content\\\/uploads\\\/2023\\\/08\\\/cropped-celostni_harmonie_RGB-1-2.jpg\",\"width\":416,\"height\":250,\"caption\":\"Celostn\u00ed harmonie\"},\"image\":{\"@id\":\"https:\\\/\\\/www.celostniharmonie.cz\\\/#\\\/schema\\\/logo\\\/image\\\/\"},\"sameAs\":[\"https:\\\/\\\/www.facebook.com\\\/profile.php?id=100091094206284\"]}]}<\/script>\n<!-- \/ Yoast SEO plugin. -->","yoast_head_json":{"title":"O mn\u011b - Celostn\u00ed harmonie","description":"Seznamte se semnou bl\u00ed\u017e, spole\u010dn\u011b pak m\u016f\u017eeme vyrazit na cestu za va\u0161\u00ed psychickou i fyzickou pohodou.","robots":{"index":"index","follow":"follow","max-snippet":"max-snippet:-1","max-image-preview":"max-image-preview:large","max-video-preview":"max-video-preview:-1"},"canonical":"https:\/\/www.celostniharmonie.cz\/?page_id=68","og_locale":"cs_CZ","og_type":"article","og_title":"O mn\u011b - Celostn\u00ed harmonie","og_description":"Seznamte se semnou bl\u00ed\u017e, spole\u010dn\u011b pak m\u016f\u017eeme vyrazit na cestu za va\u0161\u00ed psychickou i fyzickou pohodou.","og_url":"https:\/\/www.celostniharmonie.cz\/?page_id=68","og_site_name":"Celostn\u00ed harmonie","article_publisher":"https:\/\/www.facebook.com\/profile.php?id=100091094206284","article_modified_time":"2025-06-29T12:03:14+00:00","og_image":[{"width":1000,"height":667,"url":"https:\/\/www.celostniharmonie.cz\/wp-content\/uploads\/2023\/08\/pexels-olesia-lebedenko-16084322-e1691506870268.jpg","type":"image\/jpeg"}],"twitter_card":"summary_large_image","twitter_misc":{"Odhadovan\u00e1 doba \u010dten\u00ed":"3 minuty"},"schema":{"@context":"https:\/\/schema.org","@graph":[{"@type":"WebPage","@id":"https:\/\/www.celostniharmonie.cz\/?page_id=68","url":"https:\/\/www.celostniharmonie.cz\/?page_id=68","name":"O mn\u011b - Celostn\u00ed harmonie","isPartOf":{"@id":"https:\/\/www.celostniharmonie.cz\/#website"},"primaryImageOfPage":{"@id":"https:\/\/www.celostniharmonie.cz\/?page_id=68#primaryimage"},"image":{"@id":"https:\/\/www.celostniharmonie.cz\/?page_id=68#primaryimage"},"thumbnailUrl":"https:\/\/www.celostniharmonie.cz\/wp-content\/uploads\/2023\/08\/pexels-olesia-lebedenko-16084322-e1691506870268.jpg","datePublished":"2023-04-25T12:00:49+00:00","dateModified":"2025-06-29T12:03:14+00:00","description":"Seznamte se semnou bl\u00ed\u017e, spole\u010dn\u011b pak m\u016f\u017eeme vyrazit na cestu za va\u0161\u00ed psychickou i fyzickou pohodou.","breadcrumb":{"@id":"https:\/\/www.celostniharmonie.cz\/?page_id=68#breadcrumb"},"inLanguage":"cs","potentialAction":[{"@type":"ReadAction","target":["https:\/\/www.celostniharmonie.cz\/?page_id=68"]}]},{"@type":"ImageObject","inLanguage":"cs","@id":"https:\/\/www.celostniharmonie.cz\/?page_id=68#primaryimage","url":"https:\/\/www.celostniharmonie.cz\/wp-content\/uploads\/2023\/08\/pexels-olesia-lebedenko-16084322-e1691506870268.jpg","contentUrl":"https:\/\/www.celostniharmonie.cz\/wp-content\/uploads\/2023\/08\/pexels-olesia-lebedenko-16084322-e1691506870268.jpg","width":1000,"height":667},{"@type":"BreadcrumbList","@id":"https:\/\/www.celostniharmonie.cz\/?page_id=68#breadcrumb","itemListElement":[{"@type":"ListItem","position":1,"name":"Home","item":"https:\/\/www.celostniharmonie.cz\/"},{"@type":"ListItem","position":2,"name":"Aroma &#8211; terapie &#8211; kou\u010dink","item":"https:\/\/www.celostniharmonie.cz\/?page_id=47"},{"@type":"ListItem","position":3,"name":"O mn\u011b"}]},{"@type":"WebSite","@id":"https:\/\/www.celostniharmonie.cz\/#website","url":"https:\/\/www.celostniharmonie.cz\/","name":"Celostn\u00ed harmonie","description":"Laskav\u00fd p\u0159\u00edstup k jednot\u011b t\u011bla, mysli a ducha","publisher":{"@id":"https:\/\/www.celostniharmonie.cz\/#organization"},"potentialAction":[{"@type":"SearchAction","target":{"@type":"EntryPoint","urlTemplate":"https:\/\/www.celostniharmonie.cz\/?s={search_term_string}"},"query-input":{"@type":"PropertyValueSpecification","valueRequired":true,"valueName":"search_term_string"}}],"inLanguage":"cs"},{"@type":"Organization","@id":"https:\/\/www.celostniharmonie.cz\/#organization","name":"Celostn\u00ed harmonie","url":"https:\/\/www.celostniharmonie.cz\/","logo":{"@type":"ImageObject","inLanguage":"cs","@id":"https:\/\/www.celostniharmonie.cz\/#\/schema\/logo\/image\/","url":"https:\/\/www.celostniharmonie.cz\/wp-content\/uploads\/2023\/08\/cropped-celostni_harmonie_RGB-1-2.jpg","contentUrl":"https:\/\/www.celostniharmonie.cz\/wp-content\/uploads\/2023\/08\/cropped-celostni_harmonie_RGB-1-2.jpg","width":416,"height":250,"caption":"Celostn\u00ed harmonie"},"image":{"@id":"https:\/\/www.celostniharmonie.cz\/#\/schema\/logo\/image\/"},"sameAs":["https:\/\/www.facebook.com\/profile.php?id=100091094206284"]}]}},"_links":{"self":[{"href":"https:\/\/www.celostniharmonie.cz\/index.php?rest_route=\/wp\/v2\/pages\/68","targetHints":{"allow":["GET"]}}],"collection":[{"href":"https:\/\/www.celostniharmonie.cz\/index.php?rest_route=\/wp\/v2\/pages"}],"about":[{"href":"https:\/\/www.celostniharmonie.cz\/index.php?rest_route=\/wp\/v2\/types\/page"}],"author":[{"embeddable":true,"href":"https:\/\/www.celostniharmonie.cz\/index.php?rest_route=\/wp\/v2\/users\/2"}],"replies":[{"embeddable":true,"href":"https:\/\/www.celostniharmonie.cz\/index.php?rest_route=%2Fwp%2Fv2%2Fcomments&post=68"}],"version-history":[{"count":5,"href":"https:\/\/www.celostniharmonie.cz\/index.php?rest_route=\/wp\/v2\/pages\/68\/revisions"}],"predecessor-version":[{"id":353,"href":"https:\/\/www.celostniharmonie.cz\/index.php?rest_route=\/wp\/v2\/pages\/68\/revisions\/353"}],"up":[{"embeddable":true,"href":"https:\/\/www.celostniharmonie.cz\/index.php?rest_route=\/wp\/v2\/pages\/47"}],"wp:featuredmedia":[{"embeddable":true,"href":"https:\/\/www.celostniharmonie.cz\/index.php?rest_route=\/wp\/v2\/media\/123"}],"wp:attachment":[{"href":"https:\/\/www.celostniharmonie.cz\/index.php?rest_route=%2Fwp%2Fv2%2Fmedia&parent=68"}],"curies":[{"name":"wp","href":"https:\/\/api.w.org\/{rel}","templated":true}]}}