{"id":47,"date":"2023-04-25T13:38:56","date_gmt":"2023-04-25T11:38:56","guid":{"rendered":"https:\/\/www.celostniharmonie.cz\/?page_id=47"},"modified":"2025-06-29T14:14:43","modified_gmt":"2025-06-29T12:14:43","slug":"sekce-domovske-stranky","status":"publish","type":"page","link":"https:\/\/www.celostniharmonie.cz\/?page_id=47","title":{"rendered":"Aroma &#8211; terapie &#8211; kou\u010dink"},"content":{"rendered":"\n<p>Aromaterapie nen\u00ed ezoterika. <strong>Je to dar p\u0159\u00edrody, kter\u00fd pom\u00e1h\u00e1 uzdravovat pomoc\u00ed v\u00fdta\u017ek\u016f z&nbsp;bylin ve form\u011b \u00e9terick\u00fdch olej\u016f. <\/strong>\u00c9terick\u00fdmi oleji m\u016f\u017eeme zlep\u0161it sv\u00e9 fyzick\u00e9 i psychick\u00e9 zdrav\u00ed, uklidit a provon\u011bt dom\u00e1cnost, zahnat mravence a jin\u00e9 necht\u011bn\u00e9 n\u00e1v\u0161t\u011bvn\u00edky, vyrobit si skv\u011blou kosmetiku, rychle si pomoct na cest\u00e1ch, dob\u0159e usnout, m\u00edt skv\u011blou a l\u00e9\u010divou mas\u00e1\u017e, zlep\u0161it psychiku. &nbsp;<\/p>\n\n\n\n<p>Mo\u017enost\u00ed je opravdu hodn\u011b. <strong>D\u016fle\u017eit\u00e9 je zvolit vhodn\u00e9 \u00e9terick\u00e9 oleje a zn\u00e1t zp\u016fsob pou\u017eit\u00ed, <\/strong>stanovit bezpe\u010dnou sm\u011bs a s&nbsp;ohledem na ka\u017ed\u00e9ho \u010dlov\u011bka jednotliv\u011b.<\/p>\n\n\n\n<p>V&nbsp;r\u00e1mci konzultace vypln\u00edme spolu konzulta\u010dn\u00ed dotazn\u00edk, z&nbsp;kter\u00e9ho bude vych\u00e1zet nab\u00eddka \u00e9terick\u00fdch olej\u016f. V\u016fn\u011b \u00e9terick\u00e9ho oleje, kterou si vybere v\u00e1\u0161 \u010dichov\u00fd org\u00e1n, bude ta nejlep\u0161\u00ed. <strong>\u010cich je rovnou napojen na mozek a posl\u00e9ze na limbick\u00fd syst\u00e9m, proto nen\u00ed pochyb, \u017ee tato spr\u00e1vn\u00e1 volba bude m\u00edt sv\u016fj v\u00fdznam k&nbsp;dosa\u017een\u00ed va\u0161\u00ed harmonie vo\u0148avou a laskavou cestou.<\/strong><\/p>\n\n\n\n<p>Pro v\u00fdb\u011br \u00e9terick\u00fdch i rostlinn\u00fdch olej\u016f pou\u017e\u00edv\u00e1m pouze p\u0159\u00edrodn\u00ed, ov\u011b\u0159en\u00e9 a certifikovan\u00e9 oleje.<\/p>\n\n\n\n<p>V r\u00e1mci z\u00e1v\u011bre\u010dn\u00e9 pr\u00e1ce na obhajobu certifikace Odborn\u00fd aromaterapeut jsme si zvolila t\u00e9ma <strong>panick\u00e1 porucha<\/strong>. Sle\u010dna d\u00edky aroma &#8211; terapie zvl\u00e1dla po t\u0159ech letech nastoupit op\u011bt do zam\u011bstn\u00e1n\u00ed,  pomoc\u00ed inhala\u010dn\u00ed ty\u010dinky se svou vlastn\u00ed aroma sm\u011bs\u00ed  1x zastavit panickou ataku a 1x se z panick\u00e9 ataky vr\u00e1tit zp\u011bt.  Je to dlouh\u00e1 cesta a toto je ur\u010dit\u011b jedna z cest, jak se z bludn\u00e9ho kruhu panick\u00fdch atak dostat. Nab\u00edz\u00edm pochopen\u00ed, podporu a sd\u00edlen\u00ed. <\/p>\n\n\n\n<h1 class=\"wp-block-heading\">Co v\u00e1m v&nbsp;r\u00e1mci aromaterapie mohu nab\u00eddnout<\/h1>\n\n\n\n<h2 class=\"wp-block-heading\">Aroma &#8211; terapeutick\u00e1 konzultace\u00a0\u00a0 \u00a0<\/h2>\n\n\n\n<p>Spole\u010dn\u011b budeme hledat\u00a0p\u0159\u00ed\u010diny zdravotn\u00edho probl\u00e9mu, nebo hledat mo\u017enosti zlep\u0161en\u00ed \u0161\u0165astn\u011bj\u0161\u00edho byt\u00ed, pomoc\u00ed rozhovoru a vypln\u011bn\u00ed konzulta\u010dn\u00edho dotazn\u00edku. Na z\u00e1klad\u011b tohoto v\u00fdsledku pro v\u00e1s vyberu vhodn\u00e9 \u00e9terick\u00e9 oleje, kter\u00e9 si budete potom vyb\u00edrat sv\u00fdm \u010dichem. Vznikne tak jenom va\u0161e v\u016fn\u011b. N\u00e1sledn\u011b zvol\u00edme zp\u016fsob pou\u017eit\u00ed aromaterapeutick\u00e9 sm\u011bsi a uk\u00e1\u017eu v\u00e1m akupresurn\u00ed body.\u00a0V\u011b\u0159\u00edm, \u017ee si odnesete nejen svou v\u016fni, ale tak\u00e9 v\u00edce energie a nov\u00e9ho vhledu pro dal\u0161\u00ed kroky v \u017eivot\u011b. <\/p>\n\n\n\n<h2 class=\"wp-block-heading\">Aromaterapeutickou mas\u00e1\u017e<\/h2>\n\n\n\n<p>Jedn\u00e1 se o velmi jemnou a specifickou mas\u00e1\u017e s&nbsp;v\u00e1mi vybranou aromaterapeutickou sm\u011bs\u00ed. <strong>Tato vo\u0148av\u00e1 mas\u00e1\u017e l\u00e9\u010d\u00ed t\u011blo i ducha. <\/strong>Po 20 min. mas\u00e1\u017ee se dost\u00e1vaj\u00ed silice do krve a t\u00edm u\u017e c\u00edl\u00ed na m\u00edsto v&nbsp;t\u011ble, kde pom\u00e1haj\u00ed ozdravovat.<\/p>\n\n\n\n<h2 class=\"wp-block-heading\">Aromaterapeutick\u00fd kurz<\/h2>\n\n\n\n<p>Dozv\u00edte se zp\u016fsoby v\u00fdroby a spr\u00e1vn\u00e9 u\u017eit\u00ed \u00e9terick\u00fdch olej\u016f. P\u0159edstav\u00edm v\u00e1m 10 vybran\u00fdch olej\u016f, kter\u00e9 je dobr\u00e9 m\u00edt doma po ruce. Sami si sestav\u00edte svou aromaterapeutickou sm\u011bs 15 ml, inhala\u010dn\u00ed ty\u010dinku a koupelovou s\u016fl.<\/p>\n","protected":false},"excerpt":{"rendered":"<p>Aromaterapie nen\u00ed ezoterika. Je to dar p\u0159\u00edrody, kter\u00fd pom\u00e1h\u00e1 uzdravovat pomoc\u00ed v\u00fdta\u017ek\u016f z&nbsp;bylin ve form\u011b \u00e9terick\u00fdch olej\u016f. \u00c9terick\u00fdmi oleji m\u016f\u017eeme zlep\u0161it sv\u00e9 fyzick\u00e9 i psychick\u00e9 zdrav\u00ed, uklidit a provon\u011bt dom\u00e1cnost, zahnat mravence a jin\u00e9 necht\u011bn\u00e9 n\u00e1v\u0161t\u011bvn\u00edky, vyrobit si skv\u011blou kosmetiku, rychle si pomoct na cest\u00e1ch, dob\u0159e usnout, m\u00edt skv\u011blou a l\u00e9\u010divou mas\u00e1\u017e, zlep\u0161it psychiku. &nbsp; &hellip; <\/p>\n<p class=\"link-more\"><a href=\"https:\/\/www.celostniharmonie.cz\/?page_id=47\" class=\"more-link\">Pokra\u010dovat ve \u010dten\u00ed<span class=\"screen-reader-text\"> &#8222;Aroma &#8211; terapie &#8211; kou\u010dink&#8220;<\/span><\/a><\/p>\n","protected":false},"author":2,"featured_media":278,"parent":0,"menu_order":0,"comment_status":"closed","ping_status":"closed","template":"","meta":{"_monsterinsights_skip_tracking":false,"_monsterinsights_sitenote_active":false,"_monsterinsights_sitenote_note":"","_monsterinsights_sitenote_category":0,"footnotes":""},"class_list":["post-47","page","type-page","status-publish","has-post-thumbnail","hentry"],"yoast_head":"<!-- This site is optimized with the Yoast SEO plugin v27.5 - https:\/\/yoast.com\/product\/yoast-seo-wordpress\/ -->\n<title>Aroma - terapie - kou\u010dink - Celostn\u00ed harmonie<\/title>\n<meta name=\"description\" content=\"Objevte kouzlo aromaterapie a zlep\u0161ete tak sv\u016fj psychick\u00fd i fyzick\u00fd stav. K aromaterapii pou\u017e\u00edv\u00e1m Bachovy esence.\" \/>\n<meta name=\"robots\" content=\"index, follow, max-snippet:-1, max-image-preview:large, max-video-preview:-1\" \/>\n<link rel=\"canonical\" href=\"https:\/\/www.celostniharmonie.cz\/?page_id=47\" \/>\n<meta property=\"og:locale\" content=\"cs_CZ\" \/>\n<meta property=\"og:type\" content=\"article\" \/>\n<meta property=\"og:title\" content=\"Aroma - terapie - kou\u010dink - Celostn\u00ed harmonie\" \/>\n<meta property=\"og:description\" content=\"Objevte kouzlo aromaterapie a zlep\u0161ete tak sv\u016fj psychick\u00fd i fyzick\u00fd stav. K aromaterapii pou\u017e\u00edv\u00e1m Bachovy esence.\" \/>\n<meta property=\"og:url\" content=\"https:\/\/www.celostniharmonie.cz\/?page_id=47\" \/>\n<meta property=\"og:site_name\" content=\"Celostn\u00ed harmonie\" \/>\n<meta property=\"article:publisher\" content=\"https:\/\/www.facebook.com\/profile.php?id=100091094206284\" \/>\n<meta property=\"article:modified_time\" content=\"2025-06-29T12:14:43+00:00\" \/>\n<meta property=\"og:image\" content=\"https:\/\/www.celostniharmonie.cz\/wp-content\/uploads\/2023\/08\/poppy-1128683_1280.jpg\" \/>\n\t<meta property=\"og:image:width\" content=\"1000\" \/>\n\t<meta property=\"og:image:height\" content=\"666\" \/>\n\t<meta property=\"og:image:type\" content=\"image\/jpeg\" \/>\n<meta name=\"twitter:card\" content=\"summary_large_image\" \/>\n<meta name=\"twitter:label1\" content=\"Odhadovan\u00e1 doba \u010dten\u00ed\" \/>\n\t<meta name=\"twitter:data1\" content=\"1 minuta\" \/>\n<script type=\"application\/ld+json\" class=\"yoast-schema-graph\">{\"@context\":\"https:\\\/\\\/schema.org\",\"@graph\":[{\"@type\":\"WebPage\",\"@id\":\"https:\\\/\\\/www.celostniharmonie.cz\\\/?page_id=47\",\"url\":\"https:\\\/\\\/www.celostniharmonie.cz\\\/?page_id=47\",\"name\":\"Aroma - terapie - kou\u010dink - Celostn\u00ed harmonie\",\"isPartOf\":{\"@id\":\"https:\\\/\\\/www.celostniharmonie.cz\\\/#website\"},\"primaryImageOfPage\":{\"@id\":\"https:\\\/\\\/www.celostniharmonie.cz\\\/?page_id=47#primaryimage\"},\"image\":{\"@id\":\"https:\\\/\\\/www.celostniharmonie.cz\\\/?page_id=47#primaryimage\"},\"thumbnailUrl\":\"https:\\\/\\\/www.celostniharmonie.cz\\\/wp-content\\\/uploads\\\/2023\\\/08\\\/poppy-1128683_1280.jpg\",\"datePublished\":\"2023-04-25T11:38:56+00:00\",\"dateModified\":\"2025-06-29T12:14:43+00:00\",\"description\":\"Objevte kouzlo aromaterapie a zlep\u0161ete tak sv\u016fj psychick\u00fd i fyzick\u00fd stav. K aromaterapii pou\u017e\u00edv\u00e1m Bachovy esence.\",\"breadcrumb\":{\"@id\":\"https:\\\/\\\/www.celostniharmonie.cz\\\/?page_id=47#breadcrumb\"},\"inLanguage\":\"cs\",\"potentialAction\":[{\"@type\":\"ReadAction\",\"target\":[\"https:\\\/\\\/www.celostniharmonie.cz\\\/?page_id=47\"]}]},{\"@type\":\"ImageObject\",\"inLanguage\":\"cs\",\"@id\":\"https:\\\/\\\/www.celostniharmonie.cz\\\/?page_id=47#primaryimage\",\"url\":\"https:\\\/\\\/www.celostniharmonie.cz\\\/wp-content\\\/uploads\\\/2023\\\/08\\\/poppy-1128683_1280.jpg\",\"contentUrl\":\"https:\\\/\\\/www.celostniharmonie.cz\\\/wp-content\\\/uploads\\\/2023\\\/08\\\/poppy-1128683_1280.jpg\",\"width\":1000,\"height\":666},{\"@type\":\"BreadcrumbList\",\"@id\":\"https:\\\/\\\/www.celostniharmonie.cz\\\/?page_id=47#breadcrumb\",\"itemListElement\":[{\"@type\":\"ListItem\",\"position\":1,\"name\":\"Home\",\"item\":\"https:\\\/\\\/www.celostniharmonie.cz\\\/\"},{\"@type\":\"ListItem\",\"position\":2,\"name\":\"Aroma &#8211; terapie &#8211; kou\u010dink\"}]},{\"@type\":\"WebSite\",\"@id\":\"https:\\\/\\\/www.celostniharmonie.cz\\\/#website\",\"url\":\"https:\\\/\\\/www.celostniharmonie.cz\\\/\",\"name\":\"Celostn\u00ed harmonie\",\"description\":\"Laskav\u00fd p\u0159\u00edstup k jednot\u011b t\u011bla, mysli a ducha\",\"publisher\":{\"@id\":\"https:\\\/\\\/www.celostniharmonie.cz\\\/#organization\"},\"potentialAction\":[{\"@type\":\"SearchAction\",\"target\":{\"@type\":\"EntryPoint\",\"urlTemplate\":\"https:\\\/\\\/www.celostniharmonie.cz\\\/?s={search_term_string}\"},\"query-input\":{\"@type\":\"PropertyValueSpecification\",\"valueRequired\":true,\"valueName\":\"search_term_string\"}}],\"inLanguage\":\"cs\"},{\"@type\":\"Organization\",\"@id\":\"https:\\\/\\\/www.celostniharmonie.cz\\\/#organization\",\"name\":\"Celostn\u00ed harmonie\",\"url\":\"https:\\\/\\\/www.celostniharmonie.cz\\\/\",\"logo\":{\"@type\":\"ImageObject\",\"inLanguage\":\"cs\",\"@id\":\"https:\\\/\\\/www.celostniharmonie.cz\\\/#\\\/schema\\\/logo\\\/image\\\/\",\"url\":\"https:\\\/\\\/www.celostniharmonie.cz\\\/wp-content\\\/uploads\\\/2023\\\/08\\\/cropped-celostni_harmonie_RGB-1-2.jpg\",\"contentUrl\":\"https:\\\/\\\/www.celostniharmonie.cz\\\/wp-content\\\/uploads\\\/2023\\\/08\\\/cropped-celostni_harmonie_RGB-1-2.jpg\",\"width\":416,\"height\":250,\"caption\":\"Celostn\u00ed harmonie\"},\"image\":{\"@id\":\"https:\\\/\\\/www.celostniharmonie.cz\\\/#\\\/schema\\\/logo\\\/image\\\/\"},\"sameAs\":[\"https:\\\/\\\/www.facebook.com\\\/profile.php?id=100091094206284\"]}]}<\/script>\n<!-- \/ Yoast SEO plugin. -->","yoast_head_json":{"title":"Aroma - terapie - kou\u010dink - Celostn\u00ed harmonie","description":"Objevte kouzlo aromaterapie a zlep\u0161ete tak sv\u016fj psychick\u00fd i fyzick\u00fd stav. K aromaterapii pou\u017e\u00edv\u00e1m Bachovy esence.","robots":{"index":"index","follow":"follow","max-snippet":"max-snippet:-1","max-image-preview":"max-image-preview:large","max-video-preview":"max-video-preview:-1"},"canonical":"https:\/\/www.celostniharmonie.cz\/?page_id=47","og_locale":"cs_CZ","og_type":"article","og_title":"Aroma - terapie - kou\u010dink - Celostn\u00ed harmonie","og_description":"Objevte kouzlo aromaterapie a zlep\u0161ete tak sv\u016fj psychick\u00fd i fyzick\u00fd stav. K aromaterapii pou\u017e\u00edv\u00e1m Bachovy esence.","og_url":"https:\/\/www.celostniharmonie.cz\/?page_id=47","og_site_name":"Celostn\u00ed harmonie","article_publisher":"https:\/\/www.facebook.com\/profile.php?id=100091094206284","article_modified_time":"2025-06-29T12:14:43+00:00","og_image":[{"width":1000,"height":666,"url":"https:\/\/www.celostniharmonie.cz\/wp-content\/uploads\/2023\/08\/poppy-1128683_1280.jpg","type":"image\/jpeg"}],"twitter_card":"summary_large_image","twitter_misc":{"Odhadovan\u00e1 doba \u010dten\u00ed":"1 minuta"},"schema":{"@context":"https:\/\/schema.org","@graph":[{"@type":"WebPage","@id":"https:\/\/www.celostniharmonie.cz\/?page_id=47","url":"https:\/\/www.celostniharmonie.cz\/?page_id=47","name":"Aroma - terapie - kou\u010dink - Celostn\u00ed harmonie","isPartOf":{"@id":"https:\/\/www.celostniharmonie.cz\/#website"},"primaryImageOfPage":{"@id":"https:\/\/www.celostniharmonie.cz\/?page_id=47#primaryimage"},"image":{"@id":"https:\/\/www.celostniharmonie.cz\/?page_id=47#primaryimage"},"thumbnailUrl":"https:\/\/www.celostniharmonie.cz\/wp-content\/uploads\/2023\/08\/poppy-1128683_1280.jpg","datePublished":"2023-04-25T11:38:56+00:00","dateModified":"2025-06-29T12:14:43+00:00","description":"Objevte kouzlo aromaterapie a zlep\u0161ete tak sv\u016fj psychick\u00fd i fyzick\u00fd stav. K aromaterapii pou\u017e\u00edv\u00e1m Bachovy esence.","breadcrumb":{"@id":"https:\/\/www.celostniharmonie.cz\/?page_id=47#breadcrumb"},"inLanguage":"cs","potentialAction":[{"@type":"ReadAction","target":["https:\/\/www.celostniharmonie.cz\/?page_id=47"]}]},{"@type":"ImageObject","inLanguage":"cs","@id":"https:\/\/www.celostniharmonie.cz\/?page_id=47#primaryimage","url":"https:\/\/www.celostniharmonie.cz\/wp-content\/uploads\/2023\/08\/poppy-1128683_1280.jpg","contentUrl":"https:\/\/www.celostniharmonie.cz\/wp-content\/uploads\/2023\/08\/poppy-1128683_1280.jpg","width":1000,"height":666},{"@type":"BreadcrumbList","@id":"https:\/\/www.celostniharmonie.cz\/?page_id=47#breadcrumb","itemListElement":[{"@type":"ListItem","position":1,"name":"Home","item":"https:\/\/www.celostniharmonie.cz\/"},{"@type":"ListItem","position":2,"name":"Aroma &#8211; terapie &#8211; kou\u010dink"}]},{"@type":"WebSite","@id":"https:\/\/www.celostniharmonie.cz\/#website","url":"https:\/\/www.celostniharmonie.cz\/","name":"Celostn\u00ed harmonie","description":"Laskav\u00fd p\u0159\u00edstup k jednot\u011b t\u011bla, mysli a ducha","publisher":{"@id":"https:\/\/www.celostniharmonie.cz\/#organization"},"potentialAction":[{"@type":"SearchAction","target":{"@type":"EntryPoint","urlTemplate":"https:\/\/www.celostniharmonie.cz\/?s={search_term_string}"},"query-input":{"@type":"PropertyValueSpecification","valueRequired":true,"valueName":"search_term_string"}}],"inLanguage":"cs"},{"@type":"Organization","@id":"https:\/\/www.celostniharmonie.cz\/#organization","name":"Celostn\u00ed harmonie","url":"https:\/\/www.celostniharmonie.cz\/","logo":{"@type":"ImageObject","inLanguage":"cs","@id":"https:\/\/www.celostniharmonie.cz\/#\/schema\/logo\/image\/","url":"https:\/\/www.celostniharmonie.cz\/wp-content\/uploads\/2023\/08\/cropped-celostni_harmonie_RGB-1-2.jpg","contentUrl":"https:\/\/www.celostniharmonie.cz\/wp-content\/uploads\/2023\/08\/cropped-celostni_harmonie_RGB-1-2.jpg","width":416,"height":250,"caption":"Celostn\u00ed harmonie"},"image":{"@id":"https:\/\/www.celostniharmonie.cz\/#\/schema\/logo\/image\/"},"sameAs":["https:\/\/www.facebook.com\/profile.php?id=100091094206284"]}]}},"_links":{"self":[{"href":"https:\/\/www.celostniharmonie.cz\/index.php?rest_route=\/wp\/v2\/pages\/47","targetHints":{"allow":["GET"]}}],"collection":[{"href":"https:\/\/www.celostniharmonie.cz\/index.php?rest_route=\/wp\/v2\/pages"}],"about":[{"href":"https:\/\/www.celostniharmonie.cz\/index.php?rest_route=\/wp\/v2\/types\/page"}],"author":[{"embeddable":true,"href":"https:\/\/www.celostniharmonie.cz\/index.php?rest_route=\/wp\/v2\/users\/2"}],"replies":[{"embeddable":true,"href":"https:\/\/www.celostniharmonie.cz\/index.php?rest_route=%2Fwp%2Fv2%2Fcomments&post=47"}],"version-history":[{"count":5,"href":"https:\/\/www.celostniharmonie.cz\/index.php?rest_route=\/wp\/v2\/pages\/47\/revisions"}],"predecessor-version":[{"id":326,"href":"https:\/\/www.celostniharmonie.cz\/index.php?rest_route=\/wp\/v2\/pages\/47\/revisions\/326"}],"wp:featuredmedia":[{"embeddable":true,"href":"https:\/\/www.celostniharmonie.cz\/index.php?rest_route=\/wp\/v2\/media\/278"}],"wp:attachment":[{"href":"https:\/\/www.celostniharmonie.cz\/index.php?rest_route=%2Fwp%2Fv2%2Fmedia&parent=47"}],"curies":[{"name":"wp","href":"https:\/\/api.w.org\/{rel}","templated":true}]}}