{"id":45,"date":"2023-04-25T13:38:56","date_gmt":"2023-04-25T11:38:56","guid":{"rendered":"https:\/\/www.celostniharmonie.cz\/?page_id=45"},"modified":"2025-06-29T14:24:41","modified_gmt":"2025-06-29T12:24:41","slug":"kontakt","status":"publish","type":"page","link":"https:\/\/www.celostniharmonie.cz\/?page_id=45","title":{"rendered":"Kontakt"},"content":{"rendered":"\n<p><strong>Anna Vlachov\u00e1<\/strong><\/p>\n\n\n\n<p>mezin\u00e1rodn\u011b certifikovan\u00e1 Odborn\u00e1 aromaterapeutka <\/p>\n\n\n\n<p>\u010dlenka Asociace \u010desk\u00fdch aromaterapeut\u016f<\/p>\n\n\n\n<p>certifikovan\u00fd praktik Bachov\u00fdch esenc\u00ed <\/p>\n\n\n\n<p>Health kou\u010d &#8211; akreditace M\u0160MT<\/p>\n\n\n\n<p>V\u00fd\u017eivov\u00fd poradce &#8211; akreditace M\u0160MT <\/p>\n\n\n\n<p><strong>Telefon:<\/strong> +420 736 110 872<\/p>\n\n\n\n<p><strong>E-mail:<\/strong> <a href=\"mailto:anna@celostniharmonie.cz\" target=\"_blank\" rel=\"noreferrer noopener\">anna<\/a>@celostniharmonie.cz<\/p>\n\n\n\n<p><strong>M\u00edsto setk\u00e1n\u00ed<\/strong>:<\/p>\n\n\n\n<p>bude up\u0159esn\u011bno <\/p>\n","protected":false},"excerpt":{"rendered":"<p>Anna Vlachov\u00e1 mezin\u00e1rodn\u011b certifikovan\u00e1 Odborn\u00e1 aromaterapeutka \u010dlenka Asociace \u010desk\u00fdch aromaterapeut\u016f certifikovan\u00fd praktik Bachov\u00fdch esenc\u00ed Health kou\u010d &#8211; akreditace M\u0160MT V\u00fd\u017eivov\u00fd poradce &#8211; akreditace M\u0160MT Telefon: +420 736 110 872 E-mail: anna@celostniharmonie.cz M\u00edsto setk\u00e1n\u00ed: bude up\u0159esn\u011bno<\/p>\n","protected":false},"author":2,"featured_media":0,"parent":47,"menu_order":0,"comment_status":"closed","ping_status":"closed","template":"","meta":{"_monsterinsights_skip_tracking":false,"_monsterinsights_sitenote_active":false,"_monsterinsights_sitenote_note":"","_monsterinsights_sitenote_category":0,"footnotes":""},"class_list":["post-45","page","type-page","status-publish","hentry"],"yoast_head":"<!-- This site is optimized with the Yoast SEO plugin v27.5 - https:\/\/yoast.com\/product\/yoast-seo-wordpress\/ -->\n<title>Kontakt - Celostn\u00ed harmonie %<\/title>\n<meta name=\"description\" content=\"Cesta k laskav\u00e9mu a l\u00e1skypln\u00e9mu p\u0159\u00edstupu sama sebe. T\u011b\u0161\u00edm se na na\u0161e setk\u00e1n\u00ed.\" \/>\n<meta name=\"robots\" content=\"index, follow, max-snippet:-1, max-image-preview:large, max-video-preview:-1\" \/>\n<link rel=\"canonical\" href=\"https:\/\/www.celostniharmonie.cz\/?page_id=45\" \/>\n<meta property=\"og:locale\" content=\"cs_CZ\" \/>\n<meta property=\"og:type\" content=\"article\" \/>\n<meta property=\"og:title\" content=\"Kontakt - Celostn\u00ed harmonie %\" \/>\n<meta property=\"og:description\" content=\"Cesta k laskav\u00e9mu a l\u00e1skypln\u00e9mu p\u0159\u00edstupu sama sebe. T\u011b\u0161\u00edm se na na\u0161e setk\u00e1n\u00ed.\" \/>\n<meta property=\"og:url\" content=\"https:\/\/www.celostniharmonie.cz\/?page_id=45\" \/>\n<meta property=\"og:site_name\" content=\"Celostn\u00ed harmonie\" \/>\n<meta property=\"article:publisher\" content=\"https:\/\/www.facebook.com\/profile.php?id=100091094206284\" \/>\n<meta property=\"article:modified_time\" content=\"2025-06-29T12:24:41+00:00\" \/>\n<meta name=\"twitter:card\" content=\"summary_large_image\" \/>\n<meta name=\"twitter:label1\" content=\"Odhadovan\u00e1 doba \u010dten\u00ed\" \/>\n\t<meta name=\"twitter:data1\" content=\"1 minuta\" \/>\n<script type=\"application\/ld+json\" class=\"yoast-schema-graph\">{\"@context\":\"https:\\\/\\\/schema.org\",\"@graph\":[{\"@type\":\"WebPage\",\"@id\":\"https:\\\/\\\/www.celostniharmonie.cz\\\/?page_id=45\",\"url\":\"https:\\\/\\\/www.celostniharmonie.cz\\\/?page_id=45\",\"name\":\"Kontakt - Celostn\u00ed harmonie %\",\"isPartOf\":{\"@id\":\"https:\\\/\\\/www.celostniharmonie.cz\\\/#website\"},\"datePublished\":\"2023-04-25T11:38:56+00:00\",\"dateModified\":\"2025-06-29T12:24:41+00:00\",\"description\":\"Cesta k laskav\u00e9mu a l\u00e1skypln\u00e9mu p\u0159\u00edstupu sama sebe. T\u011b\u0161\u00edm se na na\u0161e setk\u00e1n\u00ed.\",\"breadcrumb\":{\"@id\":\"https:\\\/\\\/www.celostniharmonie.cz\\\/?page_id=45#breadcrumb\"},\"inLanguage\":\"cs\",\"potentialAction\":[{\"@type\":\"ReadAction\",\"target\":[\"https:\\\/\\\/www.celostniharmonie.cz\\\/?page_id=45\"]}]},{\"@type\":\"BreadcrumbList\",\"@id\":\"https:\\\/\\\/www.celostniharmonie.cz\\\/?page_id=45#breadcrumb\",\"itemListElement\":[{\"@type\":\"ListItem\",\"position\":1,\"name\":\"Home\",\"item\":\"https:\\\/\\\/www.celostniharmonie.cz\\\/\"},{\"@type\":\"ListItem\",\"position\":2,\"name\":\"Aroma &#8211; terapie &#8211; kou\u010dink\",\"item\":\"https:\\\/\\\/www.celostniharmonie.cz\\\/?page_id=47\"},{\"@type\":\"ListItem\",\"position\":3,\"name\":\"Kontakt\"}]},{\"@type\":\"WebSite\",\"@id\":\"https:\\\/\\\/www.celostniharmonie.cz\\\/#website\",\"url\":\"https:\\\/\\\/www.celostniharmonie.cz\\\/\",\"name\":\"Celostn\u00ed harmonie\",\"description\":\"Laskav\u00fd p\u0159\u00edstup k jednot\u011b t\u011bla, mysli a ducha\",\"publisher\":{\"@id\":\"https:\\\/\\\/www.celostniharmonie.cz\\\/#organization\"},\"potentialAction\":[{\"@type\":\"SearchAction\",\"target\":{\"@type\":\"EntryPoint\",\"urlTemplate\":\"https:\\\/\\\/www.celostniharmonie.cz\\\/?s={search_term_string}\"},\"query-input\":{\"@type\":\"PropertyValueSpecification\",\"valueRequired\":true,\"valueName\":\"search_term_string\"}}],\"inLanguage\":\"cs\"},{\"@type\":\"Organization\",\"@id\":\"https:\\\/\\\/www.celostniharmonie.cz\\\/#organization\",\"name\":\"Celostn\u00ed harmonie\",\"url\":\"https:\\\/\\\/www.celostniharmonie.cz\\\/\",\"logo\":{\"@type\":\"ImageObject\",\"inLanguage\":\"cs\",\"@id\":\"https:\\\/\\\/www.celostniharmonie.cz\\\/#\\\/schema\\\/logo\\\/image\\\/\",\"url\":\"https:\\\/\\\/www.celostniharmonie.cz\\\/wp-content\\\/uploads\\\/2023\\\/08\\\/cropped-celostni_harmonie_RGB-1-2.jpg\",\"contentUrl\":\"https:\\\/\\\/www.celostniharmonie.cz\\\/wp-content\\\/uploads\\\/2023\\\/08\\\/cropped-celostni_harmonie_RGB-1-2.jpg\",\"width\":416,\"height\":250,\"caption\":\"Celostn\u00ed harmonie\"},\"image\":{\"@id\":\"https:\\\/\\\/www.celostniharmonie.cz\\\/#\\\/schema\\\/logo\\\/image\\\/\"},\"sameAs\":[\"https:\\\/\\\/www.facebook.com\\\/profile.php?id=100091094206284\"]}]}<\/script>\n<!-- \/ Yoast SEO plugin. -->","yoast_head_json":{"title":"Kontakt - Celostn\u00ed harmonie %","description":"Cesta k laskav\u00e9mu a l\u00e1skypln\u00e9mu p\u0159\u00edstupu sama sebe. T\u011b\u0161\u00edm se na na\u0161e setk\u00e1n\u00ed.","robots":{"index":"index","follow":"follow","max-snippet":"max-snippet:-1","max-image-preview":"max-image-preview:large","max-video-preview":"max-video-preview:-1"},"canonical":"https:\/\/www.celostniharmonie.cz\/?page_id=45","og_locale":"cs_CZ","og_type":"article","og_title":"Kontakt - Celostn\u00ed harmonie %","og_description":"Cesta k laskav\u00e9mu a l\u00e1skypln\u00e9mu p\u0159\u00edstupu sama sebe. T\u011b\u0161\u00edm se na na\u0161e setk\u00e1n\u00ed.","og_url":"https:\/\/www.celostniharmonie.cz\/?page_id=45","og_site_name":"Celostn\u00ed harmonie","article_publisher":"https:\/\/www.facebook.com\/profile.php?id=100091094206284","article_modified_time":"2025-06-29T12:24:41+00:00","twitter_card":"summary_large_image","twitter_misc":{"Odhadovan\u00e1 doba \u010dten\u00ed":"1 minuta"},"schema":{"@context":"https:\/\/schema.org","@graph":[{"@type":"WebPage","@id":"https:\/\/www.celostniharmonie.cz\/?page_id=45","url":"https:\/\/www.celostniharmonie.cz\/?page_id=45","name":"Kontakt - Celostn\u00ed harmonie %","isPartOf":{"@id":"https:\/\/www.celostniharmonie.cz\/#website"},"datePublished":"2023-04-25T11:38:56+00:00","dateModified":"2025-06-29T12:24:41+00:00","description":"Cesta k laskav\u00e9mu a l\u00e1skypln\u00e9mu p\u0159\u00edstupu sama sebe. T\u011b\u0161\u00edm se na na\u0161e setk\u00e1n\u00ed.","breadcrumb":{"@id":"https:\/\/www.celostniharmonie.cz\/?page_id=45#breadcrumb"},"inLanguage":"cs","potentialAction":[{"@type":"ReadAction","target":["https:\/\/www.celostniharmonie.cz\/?page_id=45"]}]},{"@type":"BreadcrumbList","@id":"https:\/\/www.celostniharmonie.cz\/?page_id=45#breadcrumb","itemListElement":[{"@type":"ListItem","position":1,"name":"Home","item":"https:\/\/www.celostniharmonie.cz\/"},{"@type":"ListItem","position":2,"name":"Aroma &#8211; terapie &#8211; kou\u010dink","item":"https:\/\/www.celostniharmonie.cz\/?page_id=47"},{"@type":"ListItem","position":3,"name":"Kontakt"}]},{"@type":"WebSite","@id":"https:\/\/www.celostniharmonie.cz\/#website","url":"https:\/\/www.celostniharmonie.cz\/","name":"Celostn\u00ed harmonie","description":"Laskav\u00fd p\u0159\u00edstup k jednot\u011b t\u011bla, mysli a ducha","publisher":{"@id":"https:\/\/www.celostniharmonie.cz\/#organization"},"potentialAction":[{"@type":"SearchAction","target":{"@type":"EntryPoint","urlTemplate":"https:\/\/www.celostniharmonie.cz\/?s={search_term_string}"},"query-input":{"@type":"PropertyValueSpecification","valueRequired":true,"valueName":"search_term_string"}}],"inLanguage":"cs"},{"@type":"Organization","@id":"https:\/\/www.celostniharmonie.cz\/#organization","name":"Celostn\u00ed harmonie","url":"https:\/\/www.celostniharmonie.cz\/","logo":{"@type":"ImageObject","inLanguage":"cs","@id":"https:\/\/www.celostniharmonie.cz\/#\/schema\/logo\/image\/","url":"https:\/\/www.celostniharmonie.cz\/wp-content\/uploads\/2023\/08\/cropped-celostni_harmonie_RGB-1-2.jpg","contentUrl":"https:\/\/www.celostniharmonie.cz\/wp-content\/uploads\/2023\/08\/cropped-celostni_harmonie_RGB-1-2.jpg","width":416,"height":250,"caption":"Celostn\u00ed harmonie"},"image":{"@id":"https:\/\/www.celostniharmonie.cz\/#\/schema\/logo\/image\/"},"sameAs":["https:\/\/www.facebook.com\/profile.php?id=100091094206284"]}]}},"_links":{"self":[{"href":"https:\/\/www.celostniharmonie.cz\/index.php?rest_route=\/wp\/v2\/pages\/45","targetHints":{"allow":["GET"]}}],"collection":[{"href":"https:\/\/www.celostniharmonie.cz\/index.php?rest_route=\/wp\/v2\/pages"}],"about":[{"href":"https:\/\/www.celostniharmonie.cz\/index.php?rest_route=\/wp\/v2\/types\/page"}],"author":[{"embeddable":true,"href":"https:\/\/www.celostniharmonie.cz\/index.php?rest_route=\/wp\/v2\/users\/2"}],"replies":[{"embeddable":true,"href":"https:\/\/www.celostniharmonie.cz\/index.php?rest_route=%2Fwp%2Fv2%2Fcomments&post=45"}],"version-history":[{"count":6,"href":"https:\/\/www.celostniharmonie.cz\/index.php?rest_route=\/wp\/v2\/pages\/45\/revisions"}],"predecessor-version":[{"id":357,"href":"https:\/\/www.celostniharmonie.cz\/index.php?rest_route=\/wp\/v2\/pages\/45\/revisions\/357"}],"up":[{"embeddable":true,"href":"https:\/\/www.celostniharmonie.cz\/index.php?rest_route=\/wp\/v2\/pages\/47"}],"wp:attachment":[{"href":"https:\/\/www.celostniharmonie.cz\/index.php?rest_route=%2Fwp%2Fv2%2Fmedia&parent=45"}],"curies":[{"name":"wp","href":"https:\/\/api.w.org\/{rel}","templated":true}]}}